{"id":41,"date":"2023-02-16T13:46:42","date_gmt":"2023-02-16T13:46:42","guid":{"rendered":"https:\/\/quemaduratermica.cl\/home\/"},"modified":"2026-01-07T17:01:30","modified_gmt":"2026-01-07T17:01:30","slug":"home","status":"publish","type":"page","link":"https:\/\/quemaduratermica.cl\/","title":{"rendered":"Home"},"content":{"rendered":"\n\n\n\n\n\n\n<h2> Hidrogeles BurnShield\u00ae<\/h2>\n\n\n\n\n\n<p style=\"font-family: Roboto; text-align: right; color: #00385d\">Una quemadura es una lesi\u00f3n \u00fanica; una de las m\u00e1s graves y dolorosas imaginables. Burnshield\u00ae, productos de cuidado para la emergencia prev\u00e9n la atenci\u00f3n inmediata de las lesiones por quemaduras.<\/p>\n<br>\n<br>\n<h5 style=\"font-family: Poppins; text-align: right; color: #d50e0e; font-weight: 500; font-size: 30px\">Es seguro de usar en ni\u00f1os<\/h5>\n\n\n\n\n<p style=\"font-family: Roboto; text-align: left; color: #00385d\">Burnshield\u00ae es un hidrogel est\u00e9ril que proporciona la protecci\u00f3n f\u00edsica esencial requerida urgentemente para cuando alguien se quema de forma accidental. Es muy eficaz en el primer periodo de 24 horas despu\u00e9s del accidente.<\/p>\n<h5>Sirve para tratar distintos tipos de quemaduras:<\/h5>\n\n&nbsp;Fuego\n&nbsp; El\u00e9ctricas\nAgua hirviendo\nSolares\nQuimicas\nRadioactivas\n\n\n\n\n\n\n\n\n\n\n<h2>V\u00eddeos explicativos<\/h2>\n\n\n<iframe loading=\"lazy\" width=\"1240\" height=\"720\" src=\"https:\/\/www.youtube.com\/embed\/jlaXrAMZSrg?si=0j_miEwb8eIy1bir\" title=\"YouTube video player\" frameborder=\"0\" allow=\"accelerometer; autoplay; clipboard-write; encrypted-media; gyroscope; picture-in-picture; web-share\" allowfullscreen class=\"video\"><\/iframe>\n<iframe loading=\"lazy\" width=\"1240\" height=\"720\" src=\"https:\/\/www.youtube.com\/embed\/REvR91kUXZs\" title=\"YouTube video player\" frameborder=\"0\" allow=\"accelerometer; autoplay; clipboard-write; encrypted-media; gyroscope; picture-in-picture; web-share\" allowfullscreen class=\"video\"><\/iframe>\n<iframe loading=\"lazy\" width=\"1240\" height=\"720\" src=\"https:\/\/www.youtube.com\/embed\/2_xOs1hPQPs?si=6UwjitY0Ak-4FUKx\" title=\"YouTube video player\" frameborder=\"0\" allow=\"accelerometer; autoplay; clipboard-write; encrypted-media; gyroscope; picture-in-picture; web-share\" allowfullscreen class=\"video\"><\/iframe>\n\n\n\n\n\n\n\n\n\n\n<h2>Caracter\u00edsticas<\/h2>\n\n\n\n\n\n\n\n\n\n\n\n\nEfecto de enfr\u00edamiento: alivio del dolor y reducci\u00f3n del shock.\nAntibacteriano natural: Reduce la posibilidad de infecci\u00f3n\nEl ap\u00f3sito proporcionar\u00e1 cobertura: Mantiene la zona hidratada y limpia.\nEs transparente y no pegajoso.\nAbsorbe y disipa el calor: minimiza el da\u00f1o por quemaduras.\n\n\n\n\n\n\n\n\n\n<h2>\u00bfC\u00f3mo se usa?<\/h2>\n<h3>Compresas<\/h3>\n\n\n\n\n\n\n\n\n\n\n\n\n\n\n<h3>Hidrogel<\/h3>\n\n\n\n\n\n\n\n\n\n\n\n\n\n\n\n\n\n\n\n\n<h2>Formatos<\/h2>\n<p><span style=\"font-family: Roboto; text-align: left;\">Burnshield\u00ae est\u00e1 disponible en los siguientes formatos en nuestra tienda online<\/span>.<\/p>\n\n\n<p style=\"font-family: roboto;\">Compresas<\/p>\n\n\n<p style=\"font-family: roboto;\">L\u00edquido<\/p>\n\n\n<p style=\"font-family: roboto;\">Mantas con Hidrogel<\/p>\n\n\n\n\n\n\n\n\n\n\n<h2>Cont\u00e1ctenos<\/h2>\n<p>\u00a1Cont\u00e1ctenos para cualquier tipo de consulta!<\/p>\n\n\n\n\n\n\n\n\n\n\nEl Alfalfal 471, Bodega 228, Work Center, Lampa &#8211; Santiago\n\n\n\n\n\n\n\n\n\n\n<h3>Certificaciones<\/h3>\n<p><span style=\"font-family: Roboto; text-align: left;\">Burnshield\u00ae cuenta con certificaci\u00f3n de calidad ISO 13485 y certificaciones por CE (Europa), FDA (Estados Unidos), MDSAP (Canad\u00e1), TGA (Australia) y la SAHPRA (Sud\u00e1frica)<\/span><\/p>\n\n\n\n\n\n\n\n","protected":false},"excerpt":{"rendered":"","protected":false},"author":0,"featured_media":0,"parent":0,"menu_order":0,"comment_status":"closed","ping_status":"closed","template":"","meta":{"pagelayer_contact_templates":{"xaj4703":{"to_email":"mkt2@sagita.cl","from_email":"$Correo","cont_subject":"$Asunto","cont_header":"Consulta enviada desde el formulario de quemaduratermica.cl por $Nombre. Y su e-mail es: $Correo","cont_body":"Mensaje: $Mensaje"}},"_pagelayer_content":"","footnotes":""},"class_list":["post-41","page","type-page","status-publish","hentry"],"_links":{"self":[{"href":"https:\/\/quemaduratermica.cl\/index.php?rest_route=\/wp\/v2\/pages\/41","targetHints":{"allow":["GET"]}}],"collection":[{"href":"https:\/\/quemaduratermica.cl\/index.php?rest_route=\/wp\/v2\/pages"}],"about":[{"href":"https:\/\/quemaduratermica.cl\/index.php?rest_route=\/wp\/v2\/types\/page"}],"replies":[{"embeddable":true,"href":"https:\/\/quemaduratermica.cl\/index.php?rest_route=%2Fwp%2Fv2%2Fcomments&post=41"}],"version-history":[{"count":88,"href":"https:\/\/quemaduratermica.cl\/index.php?rest_route=\/wp\/v2\/pages\/41\/revisions"}],"predecessor-version":[{"id":278,"href":"https:\/\/quemaduratermica.cl\/index.php?rest_route=\/wp\/v2\/pages\/41\/revisions\/278"}],"wp:attachment":[{"href":"https:\/\/quemaduratermica.cl\/index.php?rest_route=%2Fwp%2Fv2%2Fmedia&parent=41"}],"curies":[{"name":"wp","href":"https:\/\/api.w.org\/{rel}","templated":true}]}}